{"id":803,"date":"2018-11-10T15:23:19","date_gmt":"2018-11-10T14:23:19","guid":{"rendered":"http:\/\/www.molenkunst.nl\/?page_id=803"},"modified":"2018-11-11T14:02:54","modified_gmt":"2018-11-11T13:02:54","slug":"de-slag-van-lekkerbeetje","status":"publish","type":"page","link":"https:\/\/www.molenkunst.nl\/?page_id=803","title":{"rendered":"De Slag van Lekkerbeetje"},"content":{"rendered":"<figure id=\"attachment_794\" aria-describedby=\"caption-attachment-794\" style=\"width: 650px\" class=\"wp-caption alignnone\"><img loading=\"lazy\" decoding=\"async\" class=\"wp-image-794 size-full\" src=\"http:\/\/www.molenkunst.nl\/wp-content\/uploads\/2018\/11\/1600-1647-Vranx.jpg\" alt=\"\" width=\"650\" height=\"434\" srcset=\"https:\/\/www.molenkunst.nl\/wp-content\/uploads\/2018\/11\/1600-1647-Vranx.jpg 650w, https:\/\/www.molenkunst.nl\/wp-content\/uploads\/2018\/11\/1600-1647-Vranx-300x200.jpg 300w\" sizes=\"auto, (max-width: 650px) 85vw, 650px\" \/><figcaption id=\"caption-attachment-794\" class=\"wp-caption-text\">Sebastiaan Vranx: Het gevecht van de Breaut\u00e9 en Lekkerbeetje, ca 1620<\/figcaption><\/figure>\n<p>Eenzaam stond hij er, midden op de lege Vughterheide, bovenop een duinheuveltje om maar zoveel mogelijk wind te vangen in deze bomenarme biotoop. De <a href=\"http:\/\/molendatabase.org\/molendb.php\"><em>Molen Aen Die Heyde<\/em><\/a>, hij maalde het Brabantse koren voor de poorters van Den Bosch, op een paar kilometer afstand. En hij deed dat vermoedelijk al in betrekkelijke rust sinds 1340. Een standerdmolen, basaal uitgevoerd met een open voet. \u00a0Maar nu, op 5 februari 1600 was hij getuige van een bizar tafereel. Zo bizar, dat het verschillende kunstenaars heeft ge\u00efnspireerd om er een schilderij van te maken: de Slag van Lekkerbeetje. \u00a0In museum Prinsenhof te Delft hangt er een schilderij van, gemaakt door Peter Snayers; in het Muiderslot ook, van een onbekend artiest. Vooral de Antwerpse schilder Sebastiaan Vranx (1573-1647) maakte er meerdere prachtige schilderijen van, te bewonderen onder andere in Vught, Keulen, Antwerpen en Wroclaw. (Dus als u nog eens in Wroclaw bent en niet weet wat te doen, dan is dit wellicht een nuttige tip\u2026) En op ieder schilderij staat, prominent op zijn belt, de <em>Molen Aen Die Heyde<\/em> als toeschouwer.<\/p>\n<figure id=\"attachment_809\" aria-describedby=\"caption-attachment-809\" style=\"width: 1226px\" class=\"wp-caption alignnone\"><img loading=\"lazy\" decoding=\"async\" class=\"wp-image-809 size-full\" src=\"http:\/\/www.molenkunst.nl\/wp-content\/uploads\/2018\/11\/1620-1654-Pieter_Meulener_-_Cavalry_Skirmish_-_WGA15117.jpg\" alt=\"\" width=\"1226\" height=\"750\" srcset=\"https:\/\/www.molenkunst.nl\/wp-content\/uploads\/2018\/11\/1620-1654-Pieter_Meulener_-_Cavalry_Skirmish_-_WGA15117.jpg 1226w, https:\/\/www.molenkunst.nl\/wp-content\/uploads\/2018\/11\/1620-1654-Pieter_Meulener_-_Cavalry_Skirmish_-_WGA15117-300x184.jpg 300w, https:\/\/www.molenkunst.nl\/wp-content\/uploads\/2018\/11\/1620-1654-Pieter_Meulener_-_Cavalry_Skirmish_-_WGA15117-768x470.jpg 768w, https:\/\/www.molenkunst.nl\/wp-content\/uploads\/2018\/11\/1620-1654-Pieter_Meulener_-_Cavalry_Skirmish_-_WGA15117-1024x626.jpg 1024w, https:\/\/www.molenkunst.nl\/wp-content\/uploads\/2018\/11\/1620-1654-Pieter_Meulener_-_Cavalry_Skirmish_-_WGA15117-1200x734.jpg 1200w\" sizes=\"auto, (max-width: 709px) 85vw, (max-width: 909px) 67vw, (max-width: 1362px) 62vw, 840px\" \/><figcaption id=\"caption-attachment-809\" class=\"wp-caption-text\">Pieter Meulener (1600-1654) Schermutselingen<\/figcaption><\/figure>\n<p>Wat was er aan de hand: het begon ten tijde van de 80-jarige oorlog met de\u00a0 flamboyante jonge edelman Gerard van Houwelingen uit Geertruidenberg, bijgenaamd Leckerbeetje, wat zoveel betekent als \u2018levensgenieter\u2019, of ook wel \u2018opschepper\u2019. Hij maakte zich met zijn gedrag impopulair in het Staatse leger van prins Maurits, vooral toen hij bijdroeg aan de overgave \u2013 of eigenlijk de verkoop &#8211; van zijn stad aan de Spanjaarden. Hij liep vervolgens over naar het Spaanse kamp dat was gelegerd in Den Bosch. Er volgde een briefwisseling tussen hem en \u00e9\u00e9n van zijn voormalige collega\u2019s uit het Staatse leger \u00a0Pierre de Breaut\u00e9. Een briefwisseling die maandenland voortduurde, en die geheel is bewaard gebleven. Hij geeft een mooi beeld van hoe wederzijdse beschuldigingen en krenkingen van de eer de twee jongemannen er uiteindelijk toe bracht elkaar uit te dagen tot een gevecht. Zij besluiten om ieder met eenentwintig man, geharnast te paard, elkaar te ontmoeten bij de Molen aan die Heyde. Heel Den Bosch wist er inmiddels van en honderden Bosschenaren liepen uit om het schouwspel te zien. Het werd een echte veldslag, waarbij Leckerbeetje als eerste werd neergesabeld, je ziet hem liggen in de voorgrond op het schilderij. Met hem vonden zo\u2019n twaalf anderen ook de dood. Uiteindelijk viel de Br\u00e9aut\u00e9 in handen van het toegestroomde Bossche volk, en ook voor hem liep het fataal af.<\/p>\n<p>De gebeurtenis wordt wel gezien als de afsluiting van het middeleeuwse riddertijdperk, waarbij edellieden omwille van de eer elkaar groepsgewijs met zwaarden de kop afhakten. Daarna deden ze het alleen nog in de vorm van \u00e9\u00e9n op \u00e9\u00e9n duels. Wellicht was de hitte van het gevecht zo groot dat ook <em>Molen Aen Die Heyde<\/em> het niet overleefd heeft: bekend is dat de molen omstreeks 1600 verdwenen is.<\/p>\n<p>Bronnen: Database van Verdwenen Molens; het Brabants Historisch Informatie Centrum; het Rijksbureau voor Kunsthistorische Documentatie.<\/p>\n","protected":false},"excerpt":{"rendered":"<p>Eenzaam stond hij er, midden op de lege Vughterheide, bovenop een duinheuveltje om maar zoveel mogelijk wind te vangen in deze bomenarme biotoop. De Molen Aen Die Heyde, hij maalde het Brabantse koren voor de poorters van Den Bosch, op een paar kilometer afstand. En hij deed dat vermoedelijk al in betrekkelijke rust sinds 1340. &hellip; <a href=\"https:\/\/www.molenkunst.nl\/?page_id=803\" class=\"more-link\">Lees verder <span class=\"screen-reader-text\">&#8220;De Slag van Lekkerbeetje&#8221;<\/span><\/a><\/p>\n","protected":false},"author":3474,"featured_media":0,"parent":0,"menu_order":0,"comment_status":"closed","ping_status":"closed","template":"","meta":{"footnotes":""},"class_list":["post-803","page","type-page","status-publish","hentry"],"_links":{"self":[{"href":"https:\/\/www.molenkunst.nl\/index.php?rest_route=\/wp\/v2\/pages\/803","targetHints":{"allow":["GET"]}}],"collection":[{"href":"https:\/\/www.molenkunst.nl\/index.php?rest_route=\/wp\/v2\/pages"}],"about":[{"href":"https:\/\/www.molenkunst.nl\/index.php?rest_route=\/wp\/v2\/types\/page"}],"author":[{"embeddable":true,"href":"https:\/\/www.molenkunst.nl\/index.php?rest_route=\/wp\/v2\/users\/3474"}],"replies":[{"embeddable":true,"href":"https:\/\/www.molenkunst.nl\/index.php?rest_route=%2Fwp%2Fv2%2Fcomments&post=803"}],"version-history":[{"count":4,"href":"https:\/\/www.molenkunst.nl\/index.php?rest_route=\/wp\/v2\/pages\/803\/revisions"}],"predecessor-version":[{"id":810,"href":"https:\/\/www.molenkunst.nl\/index.php?rest_route=\/wp\/v2\/pages\/803\/revisions\/810"}],"wp:attachment":[{"href":"https:\/\/www.molenkunst.nl\/index.php?rest_route=%2Fwp%2Fv2%2Fmedia&parent=803"}],"curies":[{"name":"wp","href":"https:\/\/api.w.org\/{rel}","templated":true}]}}