{"id":529,"date":"2018-02-13T23:15:38","date_gmt":"2018-02-13T22:15:38","guid":{"rendered":"http:\/\/www.molenkunst.nl\/?page_id=529"},"modified":"2018-02-13T23:15:38","modified_gmt":"2018-02-13T22:15:38","slug":"amsterdam-zaagmolenstad","status":"publish","type":"page","link":"https:\/\/www.molenkunst.nl\/?page_id=529","title":{"rendered":"Amsterdam Zaagmolenstad"},"content":{"rendered":"<p>Wie zaagmolens zegt, heeft het meestal over de Zaanstreek. D\u00e9 plek waar het hout werd geprepareerd voor de Amsterdamse scheepsvloot, die de wereldzee\u00ebn bevoer met koffie en kruidnagelen in het ruim en kanonnen op het tussendek.<\/p>\n<figure id=\"attachment_540\" aria-describedby=\"caption-attachment-540\" style=\"width: 840px\" class=\"wp-caption alignnone\"><img loading=\"lazy\" decoding=\"async\" class=\"wp-image-540 size-large\" src=\"http:\/\/www.molenkunst.nl\/wp-content\/uploads\/2018\/02\/Naamloos-1024x338.jpg\" alt=\"\" width=\"840\" height=\"277\" srcset=\"https:\/\/www.molenkunst.nl\/wp-content\/uploads\/2018\/02\/Naamloos-1024x338.jpg 1024w, https:\/\/www.molenkunst.nl\/wp-content\/uploads\/2018\/02\/Naamloos-300x99.jpg 300w, https:\/\/www.molenkunst.nl\/wp-content\/uploads\/2018\/02\/Naamloos-768x253.jpg 768w, https:\/\/www.molenkunst.nl\/wp-content\/uploads\/2018\/02\/Naamloos-1200x396.jpg 1200w\" sizes=\"auto, (max-width: 709px) 85vw, (max-width: 909px) 67vw, (max-width: 1362px) 62vw, 840px\" \/><figcaption id=\"caption-attachment-540\" class=\"wp-caption-text\">JMA Rieke: Zaagmolenbuurt, 1880 (Stadsarchief Amsterdam)<\/figcaption><\/figure>\n<p>Maar deze aquarel laat Amsterdam z\u00e9lf zien. Voordat de Zaankanters hun industrie ontwikkelden zaagden de Amsterdammers hun planken zelf. In de Zaagmolenbuurt ten westen van stadssingel, en langs de Zaagmolensloot ten zuiden van de stadssingel.\u00a0De aquarel van Rieke biedt zicht op de Zaagmolenbuurt, vanaf de stadswal. Veel van die molens stonden er in 1640 al, v\u00e9r voor de hausse in de Zaanstreek. Rembrandt tekende ze al rond 1650.<\/p>\n<figure id=\"attachment_542\" aria-describedby=\"caption-attachment-542\" style=\"width: 300px\" class=\"wp-caption aligncenter\"><img loading=\"lazy\" decoding=\"async\" class=\"size-medium wp-image-542\" src=\"http:\/\/www.molenkunst.nl\/wp-content\/uploads\/2018\/02\/1654-1655-Rembrandt-Molens-bij-de-Kostverlorenvaart-300x142.jpg\" alt=\"\" width=\"300\" height=\"142\" srcset=\"https:\/\/www.molenkunst.nl\/wp-content\/uploads\/2018\/02\/1654-1655-Rembrandt-Molens-bij-de-Kostverlorenvaart-300x142.jpg 300w, https:\/\/www.molenkunst.nl\/wp-content\/uploads\/2018\/02\/1654-1655-Rembrandt-Molens-bij-de-Kostverlorenvaart-768x364.jpg 768w, https:\/\/www.molenkunst.nl\/wp-content\/uploads\/2018\/02\/1654-1655-Rembrandt-Molens-bij-de-Kostverlorenvaart-1024x486.jpg 1024w, https:\/\/www.molenkunst.nl\/wp-content\/uploads\/2018\/02\/1654-1655-Rembrandt-Molens-bij-de-Kostverlorenvaart-1200x569.jpg 1200w\" sizes=\"auto, (max-width: 300px) 85vw, 300px\" \/><figcaption id=\"caption-attachment-542\" class=\"wp-caption-text\">Rembrandt: Molens bij de Kostverlorenvaart, ca 1654 (Statens Museum Kopenhagen)<\/figcaption><\/figure>\n<p>Er zijn veel prenten, schilderijen en tekeningen gemaakt in deze buurten. Ze ademen een gemoedelijke sfeer van kleinschaligheid, met arbeidershuisjes tussen de molens en houtopslag, met smalle paadjes en bruggetjes, huisvrouwen en spelende kinderen.<\/p>\n<figure id=\"attachment_535\" aria-describedby=\"caption-attachment-535\" style=\"width: 840px\" class=\"wp-caption aligncenter\"><img loading=\"lazy\" decoding=\"async\" class=\"wp-image-535 size-large\" src=\"http:\/\/www.molenkunst.nl\/wp-content\/uploads\/2018\/02\/1900-Martin-De-Varkensgang-010097001438-1024x716.jpg\" alt=\"\" width=\"840\" height=\"587\" srcset=\"https:\/\/www.molenkunst.nl\/wp-content\/uploads\/2018\/02\/1900-Martin-De-Varkensgang-010097001438-1024x716.jpg 1024w, https:\/\/www.molenkunst.nl\/wp-content\/uploads\/2018\/02\/1900-Martin-De-Varkensgang-010097001438-300x210.jpg 300w, https:\/\/www.molenkunst.nl\/wp-content\/uploads\/2018\/02\/1900-Martin-De-Varkensgang-010097001438-768x537.jpg 768w, https:\/\/www.molenkunst.nl\/wp-content\/uploads\/2018\/02\/1900-Martin-De-Varkensgang-010097001438-1200x839.jpg 1200w\" sizes=\"auto, (max-width: 709px) 85vw, (max-width: 909px) 67vw, (max-width: 1362px) 62vw, 840px\" \/><figcaption id=\"caption-attachment-535\" class=\"wp-caption-text\">A. Martin: De Varkensgang met brug over Vinkebuurtsloot, met molen &#8216;de Jager&#8217;, ca 1900 (Stadsarchief Amsterdam)<\/figcaption><\/figure>\n<figure id=\"attachment_549\" aria-describedby=\"caption-attachment-549\" style=\"width: 840px\" class=\"wp-caption aligncenter\"><img loading=\"lazy\" decoding=\"async\" class=\"wp-image-549 size-large\" src=\"http:\/\/www.molenkunst.nl\/wp-content\/uploads\/2018\/02\/1700-1900-nn-t420-1024x754.jpg\" alt=\"\" width=\"840\" height=\"619\" srcset=\"https:\/\/www.molenkunst.nl\/wp-content\/uploads\/2018\/02\/1700-1900-nn-t420-1024x754.jpg 1024w, https:\/\/www.molenkunst.nl\/wp-content\/uploads\/2018\/02\/1700-1900-nn-t420-300x221.jpg 300w, https:\/\/www.molenkunst.nl\/wp-content\/uploads\/2018\/02\/1700-1900-nn-t420-768x566.jpg 768w, https:\/\/www.molenkunst.nl\/wp-content\/uploads\/2018\/02\/1700-1900-nn-t420.jpg 1161w\" sizes=\"auto, (max-width: 709px) 85vw, (max-width: 909px) 67vw, (max-width: 1362px) 62vw, 840px\" \/><figcaption id=\"caption-attachment-549\" class=\"wp-caption-text\">(anoniem): Kwakersdwarspad met molen &#8220;De Koning Salomo&#8221; (Stadsarchief Amsterdam)<\/figcaption><\/figure>\n<p>Zaagmolen &#8216;de Vrouwe Maria&#8217; had zelfs een gezellig theekoepeltje naast de houtloods staan.<\/p>\n<figure id=\"attachment_545\" aria-describedby=\"caption-attachment-545\" style=\"width: 640px\" class=\"wp-caption aligncenter\"><img loading=\"lazy\" decoding=\"async\" class=\"wp-image-545 size-full\" src=\"http:\/\/www.molenkunst.nl\/wp-content\/uploads\/2018\/02\/1770-Keun-de-vrouw-Maria.jpeg\" alt=\"\" width=\"640\" height=\"419\" srcset=\"https:\/\/www.molenkunst.nl\/wp-content\/uploads\/2018\/02\/1770-Keun-de-vrouw-Maria.jpeg 640w, https:\/\/www.molenkunst.nl\/wp-content\/uploads\/2018\/02\/1770-Keun-de-vrouw-Maria-300x196.jpeg 300w\" sizes=\"auto, (max-width: 640px) 85vw, 640px\" \/><figcaption id=\"caption-attachment-545\" class=\"wp-caption-text\">Hendrik Keun: De Kwakerspoel met de molen De Vrouw Maria, 1770 (Stadsarchief Amsterdam)<\/figcaption><\/figure>\n<p>Aan het eind van de 19e eeuw zien we de stadsuitbreidingen van wethouder Wibaut (Wie bouwt? Wibaut!) terrein winnen ten opzichte van de dan zieltogende molen-industrie.<\/p>\n<figure id=\"attachment_537\" aria-describedby=\"caption-attachment-537\" style=\"width: 840px\" class=\"wp-caption aligncenter\"><img loading=\"lazy\" decoding=\"async\" class=\"wp-image-537 size-large\" src=\"http:\/\/www.molenkunst.nl\/wp-content\/uploads\/2018\/02\/1890-Rieke-Tollensstraat-010097010230.jpg-1024x614.jpeg\" alt=\"\" width=\"840\" height=\"504\" srcset=\"https:\/\/www.molenkunst.nl\/wp-content\/uploads\/2018\/02\/1890-Rieke-Tollensstraat-010097010230.jpg-1024x614.jpeg 1024w, https:\/\/www.molenkunst.nl\/wp-content\/uploads\/2018\/02\/1890-Rieke-Tollensstraat-010097010230.jpg-300x180.jpeg 300w, https:\/\/www.molenkunst.nl\/wp-content\/uploads\/2018\/02\/1890-Rieke-Tollensstraat-010097010230.jpg-768x461.jpeg 768w, https:\/\/www.molenkunst.nl\/wp-content\/uploads\/2018\/02\/1890-Rieke-Tollensstraat-010097010230.jpg-1200x720.jpeg 1200w\" sizes=\"auto, (max-width: 709px) 85vw, (max-width: 909px) 67vw, (max-width: 1362px) 62vw, 840px\" \/><figcaption id=\"caption-attachment-537\" class=\"wp-caption-text\">JMA Rieke: de Tollensstraat, met molens &#8216;de Zaaier&#8217; en &#8216;de Vrouwe Maria&#8217;, 1890 (stadsarchief Amsterdam)<\/figcaption><\/figure>\n<p>De Vrouwe Maria is inmiddels haar wiekenkruis kwijt en zal spoedig daarna verdwijnen.\u00a0Uiteindelijk is er slechts \u00e9\u00e9n molen, die het tot de dag van vandaag overleefd heeft: zaagmolen &#8216;de Otter&#8217;. Dat mag een wonder heten, want hij stond er in 1895 al zonder wieken bij.<\/p>\n<figure id=\"attachment_547\" aria-describedby=\"caption-attachment-547\" style=\"width: 840px\" class=\"wp-caption aligncenter\"><img loading=\"lazy\" decoding=\"async\" class=\"wp-image-547 size-large\" src=\"http:\/\/www.molenkunst.nl\/wp-content\/uploads\/2018\/02\/1895-Sluyters-t263-1024x636.jpg\" alt=\"\" width=\"840\" height=\"522\" srcset=\"https:\/\/www.molenkunst.nl\/wp-content\/uploads\/2018\/02\/1895-Sluyters-t263-1024x636.jpg 1024w, https:\/\/www.molenkunst.nl\/wp-content\/uploads\/2018\/02\/1895-Sluyters-t263-300x186.jpg 300w, https:\/\/www.molenkunst.nl\/wp-content\/uploads\/2018\/02\/1895-Sluyters-t263-768x477.jpg 768w, https:\/\/www.molenkunst.nl\/wp-content\/uploads\/2018\/02\/1895-Sluyters-t263.jpg 1102w\" sizes=\"auto, (max-width: 709px) 85vw, (max-width: 909px) 67vw, (max-width: 1362px) 62vw, 840px\" \/><figcaption id=\"caption-attachment-547\" class=\"wp-caption-text\">Jan Sluijters: Molens aan de Kostverlorenvaart, 1895 (Stadsarchief Amsterdam)<\/figcaption><\/figure>\n<p>Links op dit heel vroege werk van Jan Sluijters zien we de vleugellamme Otter, rechts in het verschiet de Samson. Tussen die twee hadden tot kort tevoren nog twee molens gestaan (de Bruinvisch en de Cornelia), allebei door brand verwoest en niet meer herbouwd. Een nieuwe tijd brak aan.<\/p>\n","protected":false},"excerpt":{"rendered":"<p>Wie zaagmolens zegt, heeft het meestal over de Zaanstreek. D\u00e9 plek waar het hout werd geprepareerd voor de Amsterdamse scheepsvloot, die de wereldzee\u00ebn bevoer met koffie en kruidnagelen in het ruim en kanonnen op het tussendek. Maar deze aquarel laat Amsterdam z\u00e9lf zien. Voordat de Zaankanters hun industrie ontwikkelden zaagden de Amsterdammers hun planken zelf. &hellip; <a href=\"https:\/\/www.molenkunst.nl\/?page_id=529\" class=\"more-link\">Lees verder <span class=\"screen-reader-text\">&#8220;Amsterdam Zaagmolenstad&#8221;<\/span><\/a><\/p>\n","protected":false},"author":3474,"featured_media":0,"parent":0,"menu_order":0,"comment_status":"closed","ping_status":"closed","template":"","meta":{"footnotes":""},"class_list":["post-529","page","type-page","status-publish","hentry"],"_links":{"self":[{"href":"https:\/\/www.molenkunst.nl\/index.php?rest_route=\/wp\/v2\/pages\/529","targetHints":{"allow":["GET"]}}],"collection":[{"href":"https:\/\/www.molenkunst.nl\/index.php?rest_route=\/wp\/v2\/pages"}],"about":[{"href":"https:\/\/www.molenkunst.nl\/index.php?rest_route=\/wp\/v2\/types\/page"}],"author":[{"embeddable":true,"href":"https:\/\/www.molenkunst.nl\/index.php?rest_route=\/wp\/v2\/users\/3474"}],"replies":[{"embeddable":true,"href":"https:\/\/www.molenkunst.nl\/index.php?rest_route=%2Fwp%2Fv2%2Fcomments&post=529"}],"version-history":[{"count":8,"href":"https:\/\/www.molenkunst.nl\/index.php?rest_route=\/wp\/v2\/pages\/529\/revisions"}],"predecessor-version":[{"id":551,"href":"https:\/\/www.molenkunst.nl\/index.php?rest_route=\/wp\/v2\/pages\/529\/revisions\/551"}],"wp:attachment":[{"href":"https:\/\/www.molenkunst.nl\/index.php?rest_route=%2Fwp%2Fv2%2Fmedia&parent=529"}],"curies":[{"name":"wp","href":"https:\/\/api.w.org\/{rel}","templated":true}]}}