{"id":360,"date":"2017-12-08T23:08:56","date_gmt":"2017-12-08T22:08:56","guid":{"rendered":"http:\/\/www.molenkunst.nl\/?page_id=360"},"modified":"2018-01-24T16:27:33","modified_gmt":"2018-01-24T15:27:33","slug":"schaatsenrijden-2752-4015","status":"publish","type":"page","link":"https:\/\/www.molenkunst.nl\/?page_id=360","title":{"rendered":"Schaatsenrijden (2752\/4015)"},"content":{"rendered":"<p>Friezen houden van schaatsenrijden, zoveel is zeker. Ze doen het ook graag in georganiseerde vorm, en leggen het vast voor het nageslacht.\u00a0 Twee bewijsstukken zijn hier bijgevoegd. E\u00e9n in Heerenveen en \u00e9\u00e9n in Leeuwarden.<\/p>\n<figure id=\"attachment_359\" aria-describedby=\"caption-attachment-359\" style=\"width: 1649px\" class=\"wp-caption alignnone\"><img loading=\"lazy\" decoding=\"async\" class=\"wp-image-359 size-full\" src=\"http:\/\/www.molenkunst.nl\/wp-content\/uploads\/2017\/12\/1805-vrouwenschaatswedstrijd-FSM01_1988-139_X.jpg\" alt=\"\" width=\"1649\" height=\"1228\" srcset=\"https:\/\/www.molenkunst.nl\/wp-content\/uploads\/2017\/12\/1805-vrouwenschaatswedstrijd-FSM01_1988-139_X.jpg 1649w, https:\/\/www.molenkunst.nl\/wp-content\/uploads\/2017\/12\/1805-vrouwenschaatswedstrijd-FSM01_1988-139_X-300x223.jpg 300w, https:\/\/www.molenkunst.nl\/wp-content\/uploads\/2017\/12\/1805-vrouwenschaatswedstrijd-FSM01_1988-139_X-768x572.jpg 768w, https:\/\/www.molenkunst.nl\/wp-content\/uploads\/2017\/12\/1805-vrouwenschaatswedstrijd-FSM01_1988-139_X-1024x763.jpg 1024w\" sizes=\"auto, (max-width: 709px) 85vw, (max-width: 909px) 67vw, (max-width: 1362px) 62vw, 840px\" \/><figcaption id=\"caption-attachment-359\" class=\"wp-caption-text\">anoniem: Luisterrijke Vrouwen Schaatsen Rijdpartij, 1805 (Fries Scheepvaartmuseum)<\/figcaption><\/figure>\n<p>In Leeuwarden is de molen die getuige is van de wedstrijd goed te identificeren. Er stonden indertijd verschillende stellingmolens langs de stadssingel, maar er was er maar \u00e9\u00e9n met een stelling op palen. We zien hier dus molen &#8217;t Lam.<\/p>\n<figure id=\"attachment_358\" aria-describedby=\"caption-attachment-358\" style=\"width: 650px\" class=\"wp-caption aligncenter\"><img loading=\"lazy\" decoding=\"async\" class=\"wp-image-358 size-full\" src=\"http:\/\/www.molenkunst.nl\/wp-content\/uploads\/2017\/12\/1811-Sjollema-16153.jpg\" alt=\"\" width=\"650\" height=\"455\" srcset=\"https:\/\/www.molenkunst.nl\/wp-content\/uploads\/2017\/12\/1811-Sjollema-16153.jpg 650w, https:\/\/www.molenkunst.nl\/wp-content\/uploads\/2017\/12\/1811-Sjollema-16153-300x210.jpg 300w\" sizes=\"auto, (max-width: 650px) 85vw, 650px\" \/><figcaption id=\"caption-attachment-358\" class=\"wp-caption-text\">Dirk Piebes Sjollema: Schaatswedstrijd te Heerenveen, 1811 (prive bezit)<\/figcaption><\/figure>\n<p>Ook in Heerenveen is met enige research de molen wel te benoemen. De vorm van de onderbouw doet vermoeden dat dit een oliemolen is en niet, bij voorbeeld, een zaagmolen. Dan wordt het zeer waarschijnlijk dat dit oliemolen Het Fortuin is.<\/p>\n<p>Beide molens bestaan al lang niet meer. Althans op deze plek. Het is altijd een gebruikelijke praktijk geweest om goed functionerende molens waar geen emplooi meer voor was te verplaatsen naar een plek waar ze beter tot hun recht kwamen. Molen Het Fortuin bestaat nog, maar nu als korenmolen Nooitgedacht te Veenoord, Drenthe, zo&#8217;n zestig kilometer verderop.<\/p>\n","protected":false},"excerpt":{"rendered":"<p>Friezen houden van schaatsenrijden, zoveel is zeker. Ze doen het ook graag in georganiseerde vorm, en leggen het vast voor het nageslacht.\u00a0 Twee bewijsstukken zijn hier bijgevoegd. E\u00e9n in Heerenveen en \u00e9\u00e9n in Leeuwarden. In Leeuwarden is de molen die getuige is van de wedstrijd goed te identificeren. Er stonden indertijd verschillende stellingmolens langs de &hellip; <a href=\"https:\/\/www.molenkunst.nl\/?page_id=360\" class=\"more-link\">Lees verder <span class=\"screen-reader-text\">&#8220;Schaatsenrijden (2752\/4015)&#8221;<\/span><\/a><\/p>\n","protected":false},"author":3474,"featured_media":0,"parent":0,"menu_order":0,"comment_status":"closed","ping_status":"closed","template":"","meta":{"footnotes":""},"class_list":["post-360","page","type-page","status-publish","hentry"],"_links":{"self":[{"href":"https:\/\/www.molenkunst.nl\/index.php?rest_route=\/wp\/v2\/pages\/360","targetHints":{"allow":["GET"]}}],"collection":[{"href":"https:\/\/www.molenkunst.nl\/index.php?rest_route=\/wp\/v2\/pages"}],"about":[{"href":"https:\/\/www.molenkunst.nl\/index.php?rest_route=\/wp\/v2\/types\/page"}],"author":[{"embeddable":true,"href":"https:\/\/www.molenkunst.nl\/index.php?rest_route=\/wp\/v2\/users\/3474"}],"replies":[{"embeddable":true,"href":"https:\/\/www.molenkunst.nl\/index.php?rest_route=%2Fwp%2Fv2%2Fcomments&post=360"}],"version-history":[{"count":3,"href":"https:\/\/www.molenkunst.nl\/index.php?rest_route=\/wp\/v2\/pages\/360\/revisions"}],"predecessor-version":[{"id":477,"href":"https:\/\/www.molenkunst.nl\/index.php?rest_route=\/wp\/v2\/pages\/360\/revisions\/477"}],"wp:attachment":[{"href":"https:\/\/www.molenkunst.nl\/index.php?rest_route=%2Fwp%2Fv2%2Fmedia&parent=360"}],"curies":[{"name":"wp","href":"https:\/\/api.w.org\/{rel}","templated":true}]}}